{"id":2518,"date":"2023-06-23T04:47:38","date_gmt":"2023-06-23T01:47:38","guid":{"rendered":"https:\/\/carnepui.md\/?post_type=product&#038;p=2518"},"modified":"2025-10-22T12:14:47","modified_gmt":"2025-10-22T09:14:47","slug":"gambe-de-pui-25-kg-x-4-buc-10-kg","status":"publish","type":"product","link":"https:\/\/carnepui.md\/ro\/product\/gambe-de-pui-25-kg-x-4-buc-10-kg\/","title":{"rendered":"\u0413\u043e\u043b\u0435\u043d\u044c \u043a\u0443\u0440\u0438\u043d\u0430\u044f 1 \u043a\u0433"},"content":{"rendered":"<p>Gamba de pui este un ingredient versatil care v\u0103 permite s\u0103 crea\u021bi m\u00e2nc\u0103ruri delicioase pentru segmentul de restaurante Horeca. Gamba de pui este excelent\u0103 pentru a face supe sau ciorbe, coace, gr\u0103tar.<\/p>\n<ul>\n<li>Produs congelat uscat<\/li>\n<li>Intr-o cutie 4 pachete x 2,5 kg<\/li>\n<li>Costul livrarii este de 25 lei in raza orasului<\/li>\n<li>Companiilor angro se face reducere 3-5-10%<\/li>\n<li>Cu cit mai mare comanda cu atit mai ieftin pret<\/li>\n<li>Livrarea gratuita in orice directie a Moldovei.<\/li>\n<li>Toate preturile sunt per kilogram!<\/li>\n<li>Comanda minim 100 kg<\/li>\n<li>Toate produsele se vind la cutie.<\/li>\n<li>Cutia cintareste de la 10 kg-15 kg<\/li>\n<li>ULAR Moldova<\/li>\n<\/ul>\n","protected":false},"excerpt":{"rendered":"<p>Gamba de pui este un ingredient versatil care v\u0103 permite s\u0103 crea\u021bi m\u00e2nc\u0103ruri delicioase pentru segmentul de restaurante Horeca. Gamba de pui este excelent\u0103 pentru a face supe sau ciorbe, coace, gr\u0103tar. Produs congelat uscat Intr-o cutie 4 pachete x 2,5 kg Costul livrarii este de 25 lei in raza orasului Companiilor angro se face &hellip; <br \/><a href=\"https:\/\/carnepui.md\/ro\/product\/gambe-de-pui-25-kg-x-4-buc-10-kg\/\" class=\"more-link\">Continue reading <span class=\"screen-reader-text\">\u0413\u043e\u043b\u0435\u043d\u044c \u043a\u0443\u0440\u0438\u043d\u0430\u044f 1 \u043a\u0433<\/span><\/a><\/p>\n","protected":false},"featured_media":2910,"template":"","meta":[],"product_brand":[],"product_cat":[210,116],"product_tag":[],"class_list":{"0":"post-2518","1":"product","2":"type-product","3":"status-publish","4":"has-post-thumbnail","6":"product_cat-carne-de-pui","7":"product_cat-gambe-de-pui","9":"first","10":"instock","11":"shipping-taxable","12":"product-type-simple"},"aioseo_notices":[],"_links":{"self":[{"href":"https:\/\/carnepui.md\/ro\/wp-json\/wp\/v2\/product\/2518","targetHints":{"allow":["GET"]}}],"collection":[{"href":"https:\/\/carnepui.md\/ro\/wp-json\/wp\/v2\/product"}],"about":[{"href":"https:\/\/carnepui.md\/ro\/wp-json\/wp\/v2\/types\/product"}],"wp:featuredmedia":[{"embeddable":true,"href":"https:\/\/carnepui.md\/ro\/wp-json\/wp\/v2\/media\/2910"}],"wp:attachment":[{"href":"https:\/\/carnepui.md\/ro\/wp-json\/wp\/v2\/media?parent=2518"}],"wp:term":[{"taxonomy":"product_brand","embeddable":true,"href":"https:\/\/carnepui.md\/ro\/wp-json\/wp\/v2\/product_brand?post=2518"},{"taxonomy":"product_cat","embeddable":true,"href":"https:\/\/carnepui.md\/ro\/wp-json\/wp\/v2\/product_cat?post=2518"},{"taxonomy":"product_tag","embeddable":true,"href":"https:\/\/carnepui.md\/ro\/wp-json\/wp\/v2\/product_tag?post=2518"}],"curies":[{"name":"wp","href":"https:\/\/api.w.org\/{rel}","templated":true}]}}